{"id":4462,"date":"2025-04-25T10:01:19","date_gmt":"2025-04-25T10:01:19","guid":{"rendered":"https:\/\/www.sibaritasdelmasaje.es\/massage-4-hands-barcelona\/"},"modified":"2026-02-20T15:43:09","modified_gmt":"2026-02-20T15:43:09","slug":"massage-4-hands-barcelona","status":"publish","type":"page","link":"https:\/\/www.sibaritasdelmasaje.es\/en\/massage-4-hands-barcelona\/","title":{"rendered":"4-hand massage"},"content":{"rendered":"<section class=\"l-section wpb_row height_medium full_height valign_center color_secondary with_img with_video\"><div class=\"l-section-img\" role=\"img\" aria-label=\"Image\" style=\"background-image: url(https:\/\/www.sibaritasdelmasaje.es\/wp-content\/uploads\/2025\/05\/3.jpg);\"><\/div><div id=\"us_bg_video_p520\" class=\"l-section-video\"><script id=\"us_bg_video_p520-script\">!function(w){var node = document.getElementById( 'us_bg_video_p520' );if ( w.innerWidth <= 1 ) { node.remove() }}(window);<\/script><style>@media(max-width:1px){#us_bg_video_p520{display:none!important}}<\/style><video  autoplay loop muted playsinline preload=\"auto\" tabindex=\"-1\"><source type=\"video\/mp4\" src=\"https:\/\/www.sibaritasdelmasaje.es\/wp-content\/uploads\/2025\/11\/0_Silence_Elegant_1280x720-1.mp4\" \/><\/video><\/div><div class=\"l-section-overlay\" style=\"background:rgba(0,0,0,0.74)\"><\/div><div class=\"l-section-h i-cf\"><div class=\"g-cols vc_row via_grid cols_1 laptops-cols_inherit tablets-cols_inherit mobiles-cols_1 valign_top type_default stacking_default\"><div class=\"wpb_column vc_column_container\"><div class=\"vc_column-inner\"><div class=\"wpb_text_column us_custom_2e5ce8c1 has_text_color\"><div class=\"wpb_wrapper\"><p style=\"text-align: center\">Sibaritas del masaje<\/p>\n<\/div><\/div><div class=\"w-separator size_small\"><\/div><h1 class=\"w-text us_custom_76257f5c has_text_color\"><span class=\"w-text-h\"><span class=\"w-text-value\">4 Hands Massage Barcelona<\/span><\/span><\/h1><div class=\"wpb_text_column\"><div class=\"wpb_wrapper\"><p style=\"text-align: center\">El masaje a 4 manos es una de las vivencias m\u00e1s completas que ofrecemos. Dos profesionales trabajan en perfecta coordinaci\u00f3n, alternando presiones, movimientos y ritmos que se complementan para estimular todos los sentidos. Cada gesto est\u00e1 pensado para generar equilibrio, creando una sensaci\u00f3n de fusi\u00f3n entre cuerpo y mente.<\/p>\n<p style=\"text-align: center\">Esta t\u00e9cnica, de inspiraci\u00f3n oriental, combina fluidez, suavidad y un ritmo constante. El resultado es un viaje sensorial donde el cuerpo se abandona al tacto simult\u00e1neo de cuatro manos expertas. Si deseas explorar una experiencia af\u00edn, puedes conocer tambi\u00e9n nuestros <a href=\"https:\/\/www.sibaritasdelmasaje.es\/masajes-tantra-barcelona\/\"><strong>masajes t\u00e1ntricos en Barcelona<\/strong><\/a>.<\/p>\n<p style=\"text-align: center\"><span style=\"color: #c6a04f\"><strong>Duraci\u00f3n desde 30 minutos.<\/strong><\/span><\/p>\n<\/div><\/div><div class=\"w-separator size_custom\" style=\"height:20vh\"><\/div><div class=\"w-iconbox us_custom_99682d72 iconpos_top style_default color_custom align_center no_text no_title\"><a href=\"#2\" class=\"w-iconbox-link\" aria-label=\"fas|chevron-down\"><div class=\"w-iconbox-icon\" style=\"font-size:2rem;--icon-color:#fff;\"><i class=\"fas fa-chevron-down\"><\/i><\/div><\/a><div class=\"w-iconbox-meta\"><\/div><\/div><\/div><\/div><\/div><\/div><\/section><section class=\"l-section wpb_row height_medium width_custom color_secondary\" style=\"--site-content-width:1600px;\" id=\"2\"><div class=\"l-section-h i-cf\"><div class=\"g-cols vc_row via_grid cols_1 laptops-cols_inherit tablets-cols_inherit mobiles-cols_1 valign_top type_default stacking_default\"><div class=\"wpb_column vc_column_container\"><div class=\"vc_column-inner\"><div class=\"wpb_text_column us_custom_fef79cfb\"><div class=\"wpb_wrapper\"><h2 style=\"color: #c6a04f;text-align: center\"><strong>La experiencia del masaje a 4 manos en Barcelona: sincron\u00eda y armon\u00eda<\/strong><\/h2>\n<p style=\"text-align: center\">En <a href=\"https:\/\/www.sibaritasdelmasaje.es\/\"><strong>Sibaritas del Masaje<\/strong><\/a> te invitamos a descubrir el <strong>masaje a 4 manos en Barcelona<\/strong>, una experiencia envolvente en la que dos masajistas sincronizan sus movimientos para ofrecerte un placer multiplicado. Una danza perfecta de ritmo, energ\u00eda y sensibilidad que te llevar\u00e1 a un estado profundo de relajaci\u00f3n y conexi\u00f3n total.<\/p>\n<\/div><\/div><\/div><\/div><\/div><\/div><\/section><section class=\"l-section wpb_row height_medium color_primary\"><div class=\"l-section-overlay\" style=\"background:var(--color-content-heading)\"><\/div><div class=\"l-section-h i-cf\"><div class=\"g-cols vc_row via_grid cols_1 laptops-cols_inherit tablets-cols_inherit mobiles-cols_1 valign_top type_default stacking_default\"><div class=\"wpb_column vc_column_container\"><div class=\"vc_column-inner\"><div class=\"w-actionbox us_custom_b3c8b5e3 color_primary controls_right\"><div class=\"w-actionbox-text\"><div class=\"w-actionbox-title\">Discreet apartment for independent masseuses<\/div><\/div><div class=\"w-actionbox-controls\"><a class=\"w-btn us-btn-style_1\" style=\"font-size:0.8rem\" href=\"#1\"><span class=\"w-btn-label\">HAZ TU RESERVA<\/span><\/a><\/div><\/div><\/div><\/div><\/div><\/div><\/section><section class=\"l-section wpb_row height_medium color_secondary with_img parallax_ver\"><div class=\"l-section-img\" role=\"img\" aria-label=\"Sensitive massages in Barcelona\" data-img-width=\"1280\" data-img-height=\"960\" style=\"background-image: url(https:\/\/www.sibaritasdelmasaje.es\/wp-content\/uploads\/2025\/02\/3.jpg);\"><\/div><div class=\"l-section-overlay\" style=\"background:rgba(66,59,56,0.92)\"><\/div><div class=\"l-section-h i-cf\"><div class=\"g-cols vc_row via_grid cols_1 laptops-cols_inherit tablets-cols_inherit mobiles-cols_1 valign_top type_default stacking_default\"><div class=\"wpb_column vc_column_container\"><div class=\"vc_column-inner\"><h2 class=\"w-text us_custom_7f07e40b has_text_color\"><span class=\"w-text-h\"><span class=\"w-text-value\">A dance of sensations<\/span><\/span><\/h2><div class=\"w-separator size_small\"><\/div><div class=\"g-cols wpb_row via_grid cols_3 laptops-cols_inherit tablets-cols_2 mobiles-cols_1 valign_top type_default stacking_default\" style=\"--columns-gap:3rem;\"><div class=\"wpb_column vc_column_container\"><div class=\"vc_column-inner\"><div class=\"w-image style_shadow-2 has_ratio align_none\"><div class=\"w-image-h\"><div style=\"padding-bottom:211.1111%\"><\/div><div class=\"w-image-shadow\" style=\"background-image:url(https:\/\/www.sibaritasdelmasaje.es\/wp-content\/uploads\/2025\/05\/Instalaciones-15-1.jpg);\"><\/div><img decoding=\"async\" width=\"467\" height=\"1000\" src=\"https:\/\/www.sibaritasdelmasaje.es\/wp-content\/uploads\/2025\/05\/Instalaciones-15-1.jpg\" class=\"attachment-full size-full\" alt=\"sibaritas del masaje\" loading=\"lazy\" \/><\/div><\/div><\/div><\/div><div class=\"wpb_column vc_column_container\"><div class=\"vc_column-inner\"><div class=\"w-image style_shadow-2 has_ratio align_none\"><div class=\"w-image-h\"><div style=\"padding-bottom:211.1111%\"><\/div><div class=\"w-image-shadow\" style=\"background-image:url(https:\/\/www.sibaritasdelmasaje.es\/wp-content\/uploads\/2025\/05\/Instalaciones-27-2.jpg);\"><\/div><img decoding=\"async\" width=\"511\" height=\"1000\" src=\"https:\/\/www.sibaritasdelmasaje.es\/wp-content\/uploads\/2025\/05\/Instalaciones-27-2.jpg\" class=\"attachment-full size-full\" alt=\"masajes eroticos BCN\" loading=\"lazy\" \/><\/div><\/div><\/div><\/div><div class=\"wpb_column vc_column_container\"><div class=\"vc_column-inner\"><div class=\"wpb_text_column us_custom_4481559d\"><div class=\"wpb_wrapper\"><p>Durante el <strong>masaje a 4 manos en Barcelona<\/strong>, dos de nosotras trabajamos en perfecta armon\u00eda, guiadas por la respiraci\u00f3n y el ritmo de tu cuerpo. Los movimientos espejo, las presiones alternadas y las caricias coordinadas despiertan los sentidos y disuelven el estr\u00e9s. El ambiente \u00edntimo del piso \u2014luz c\u00e1lida, m\u00fasica suave y aromas naturales\u2014 potencia la experiencia.<\/p>\n<p>Si lo deseas, puedes elegir qui\u00e9n te acompa\u00f1ar\u00e1 desde la secci\u00f3n de <a href=\"https:\/\/www.sibaritasdelmasaje.es\/masajistas-eroticas\/\"><strong>masajistas er\u00f3ticas independientes<\/strong><\/a>, y as\u00ed vivir un encuentro todav\u00eda m\u00e1s personal y a tu medida.<\/p>\n<\/div><\/div><div class=\"w-separator size_medium\"><\/div><div class=\"w-btn-wrapper align_none\"><a class=\"w-btn us-btn-style_1 us_custom_7407219b\" href=\"#1\"><span class=\"w-btn-label\">Contact<\/span><\/a><\/div><\/div><\/div><\/div><\/div><\/div><\/div><\/div><\/section><section class=\"l-section wpb_row height_auto color_secondary\"><div class=\"l-section-h i-cf\"><div class=\"g-cols vc_row via_grid cols_2 laptops-cols_inherit tablets-cols_1 mobiles-cols_1 valign_middle type_default reversed stacking_default\" style=\"--columns-gap:0px;\"><div class=\"wpb_column vc_column_container us_custom_98d31845 has_bg_color stretched\"><div class=\"vc_column-inner\"><\/div><\/div><div class=\"wpb_column vc_column_container\"><div class=\"vc_column-inner\"><div class=\"w-separator size_huge\"><\/div><div class=\"wpb_text_column us_custom_525019aa\"><div class=\"wpb_wrapper\"><h2><span style=\"color: #c6a04f\"><strong>Beneficios del masaje a 4 manos<\/strong><\/span><\/h2>\n<ul>\n<li>Relajaci\u00f3n profunda e inmediata.<\/li>\n<li>Estimulaci\u00f3n simult\u00e1nea de ambos hemisferios cerebrales.<\/li>\n<li>Desbloqueo energ\u00e9tico y liberaci\u00f3n de tensiones.<\/li>\n<li>Mejora de la circulaci\u00f3n y del estado de \u00e1nimo.<\/li>\n<li>Sensaci\u00f3n duradera de bienestar f\u00edsico y emocional.<\/li>\n<\/ul>\n<\/div><\/div><div class=\"w-separator size_huge\"><\/div><\/div><\/div><\/div><\/div><\/section><section class=\"l-section wpb_row height_auto color_secondary\"><div class=\"l-section-h i-cf\"><div class=\"g-cols vc_row via_grid cols_2 laptops-cols_inherit tablets-cols_1 mobiles-cols_1 valign_middle type_default stacking_default\" style=\"--columns-gap:0px;\"><div class=\"wpb_column vc_column_container\"><div class=\"vc_column-inner\"><div class=\"w-separator size_huge\"><\/div><div class=\"wpb_text_column us_custom_bc4b2cb4\"><div class=\"wpb_wrapper\"><h2 style=\"color: #c6a04f\"><strong>C\u00f3mo reservar tu masaje a 4 manos<\/strong><\/h2>\n<p>En <strong>Sibaritas del Masaje<\/strong> cuidamos cada detalle para ofrecerte un entorno discreto, limpio y confortable. Nuestro <strong>masaje a 4 manos en Barcelona<\/strong> se adapta a la duraci\u00f3n que prefieras, comenzando desde <strong>30 minutos<\/strong> y ampli\u00e1ndose seg\u00fan tus deseos.<\/p>\n<p>Solo atendemos con cita previa, garantizando tranquilidad y un ambiente \u00edntimo. Puedes escribirnos por WhatsApp, llamarnos directamente o completar el formulario de <a href=\"https:\/\/www.sibaritasdelmasaje.es\/contacto\/\"><strong>contacto<\/strong><\/a> para elegir d\u00eda, hora y las masajistas que m\u00e1s te inspiren.<\/p>\n<p>Si lo deseas, puedes combinar esta experiencia con otros rituales como el <a href=\"https:\/\/www.sibaritasdelmasaje.es\/masaje-nuru-barcelona\/\"><strong>masaje Nuru en Barcelona<\/strong><\/a> o el <a href=\"https:\/\/www.sibaritasdelmasaje.es\/masajes-sensitivos-barcelona\/\"><strong>masaje sensitivo<\/strong><\/a> para intensificar las sensaciones y alcanzar un nivel de relajaci\u00f3n a\u00fan m\u00e1s profundo.<\/p>\n<p style=\"margin-top: 10px\">Reserva ahora tu masaje a 4 manos y d\u00e9jate llevar por la armon\u00eda, la energ\u00eda y el arte del placer en Sibaritas del Masaje.<\/p>\n<\/div><\/div><div class=\"w-separator size_huge\"><\/div><\/div><\/div><div class=\"wpb_column vc_column_container us_custom_acce9c7c has_bg_color stretched\"><div class=\"vc_column-inner\"><\/div><\/div><\/div><\/div><\/section>\n","protected":false},"excerpt":{"rendered":"Sibaritas del masaje 4 Hands Massage BarcelonaEl masaje a 4 manos es una de las vivencias m\u00e1s completas que ofrecemos. Dos profesionales trabajan en perfecta coordinaci\u00f3n, alternando presiones, movimientos y ritmos que se complementan para estimular todos los sentidos. Cada gesto est\u00e1 pensado para generar equilibrio, creando una sensaci\u00f3n de fusi\u00f3n entre cuerpo y mente....","protected":false},"author":8,"featured_media":4179,"parent":0,"menu_order":0,"comment_status":"closed","ping_status":"closed","template":"","meta":{"footnotes":""},"class_list":["post-4462","page","type-page","status-publish","has-post-thumbnail","hentry"],"yoast_head":"<!-- This site is optimized with the Yoast SEO plugin v27.6 - https:\/\/yoast.com\/product\/yoast-seo-wordpress\/ -->\n<title>4 Hands Massage Barcelona | Multiply your pleasure with Sibaritas<\/title>\n<meta name=\"description\" content=\"Experience the pleasure of 4 hands massage in Barcelona. At Sibaritas del Masaje expert masseuses await you, synchronizing rhythm, softness and sensuality.\" \/>\n<meta name=\"robots\" content=\"index, follow, max-snippet:-1, max-image-preview:large, max-video-preview:-1\" \/>\n<link rel=\"canonical\" href=\"https:\/\/www.sibaritasdelmasaje.es\/en\/massage-4-hands-barcelona\/\" \/>\n<meta property=\"og:locale\" content=\"en_US\" \/>\n<meta property=\"og:type\" content=\"article\" \/>\n<meta property=\"og:title\" content=\"4 Hands Massage Barcelona | Multiply your pleasure with Sibaritas\" \/>\n<meta property=\"og:description\" content=\"Experience the pleasure of 4 hands massage in Barcelona. At Sibaritas del Masaje expert masseuses await you, synchronizing rhythm, softness and sensuality.\" \/>\n<meta property=\"og:url\" content=\"https:\/\/www.sibaritasdelmasaje.es\/en\/massage-4-hands-barcelona\/\" \/>\n<meta property=\"og:site_name\" content=\"Sibaritas del Masaje | Erotic Massage Barcelona\" \/>\n<meta property=\"article:publisher\" content=\"https:\/\/www.facebook.com\/sibaritasdelmasaje\" \/>\n<meta property=\"article:modified_time\" content=\"2026-02-20T15:43:09+00:00\" \/>\n<meta property=\"og:image\" content=\"https:\/\/www.sibaritasdelmasaje.es\/wp-content\/uploads\/2025\/02\/2.jpg\" \/>\n\t<meta property=\"og:image:width\" content=\"1200\" \/>\n\t<meta property=\"og:image:height\" content=\"1091\" \/>\n\t<meta property=\"og:image:type\" content=\"image\/jpeg\" \/>\n<meta name=\"twitter:card\" content=\"summary_large_image\" \/>\n<meta name=\"twitter:label1\" content=\"Est. reading time\" \/>\n\t<meta name=\"twitter:data1\" content=\"6 minutes\" \/>\n<script type=\"application\/ld+json\" class=\"yoast-schema-graph\">{\"@context\":\"https:\\\/\\\/schema.org\",\"@graph\":[{\"@type\":\"WebPage\",\"@id\":\"https:\\\/\\\/www.sibaritasdelmasaje.es\\\/en\\\/massage-4-hands-barcelona\\\/\",\"url\":\"https:\\\/\\\/www.sibaritasdelmasaje.es\\\/en\\\/massage-4-hands-barcelona\\\/\",\"name\":\"4 Hands Massage Barcelona | Multiply your pleasure with Sibaritas\",\"isPartOf\":{\"@id\":\"https:\\\/\\\/www.sibaritasdelmasaje.es\\\/en\\\/#website\"},\"primaryImageOfPage\":{\"@id\":\"https:\\\/\\\/www.sibaritasdelmasaje.es\\\/en\\\/massage-4-hands-barcelona\\\/#primaryimage\"},\"image\":{\"@id\":\"https:\\\/\\\/www.sibaritasdelmasaje.es\\\/en\\\/massage-4-hands-barcelona\\\/#primaryimage\"},\"thumbnailUrl\":\"https:\\\/\\\/www.sibaritasdelmasaje.es\\\/wp-content\\\/uploads\\\/2025\\\/02\\\/2.jpg\",\"datePublished\":\"2025-04-25T10:01:19+00:00\",\"dateModified\":\"2026-02-20T15:43:09+00:00\",\"description\":\"Experience the pleasure of 4 hands massage in Barcelona. At Sibaritas del Masaje expert masseuses await you, synchronizing rhythm, softness and sensuality.\",\"breadcrumb\":{\"@id\":\"https:\\\/\\\/www.sibaritasdelmasaje.es\\\/en\\\/massage-4-hands-barcelona\\\/#breadcrumb\"},\"inLanguage\":\"en-US\",\"potentialAction\":[{\"@type\":\"ReadAction\",\"target\":[\"https:\\\/\\\/www.sibaritasdelmasaje.es\\\/en\\\/massage-4-hands-barcelona\\\/\"]}]},{\"@type\":\"ImageObject\",\"inLanguage\":\"en-US\",\"@id\":\"https:\\\/\\\/www.sibaritasdelmasaje.es\\\/en\\\/massage-4-hands-barcelona\\\/#primaryimage\",\"url\":\"https:\\\/\\\/www.sibaritasdelmasaje.es\\\/wp-content\\\/uploads\\\/2025\\\/02\\\/2.jpg\",\"contentUrl\":\"https:\\\/\\\/www.sibaritasdelmasaje.es\\\/wp-content\\\/uploads\\\/2025\\\/02\\\/2.jpg\",\"width\":1200,\"height\":1091,\"caption\":\"Masaje a 4 manos Barcelona\"},{\"@type\":\"BreadcrumbList\",\"@id\":\"https:\\\/\\\/www.sibaritasdelmasaje.es\\\/en\\\/massage-4-hands-barcelona\\\/#breadcrumb\",\"itemListElement\":[{\"@type\":\"ListItem\",\"position\":1,\"name\":\"Inicio\",\"item\":\"https:\\\/\\\/www.sibaritasdelmasaje.es\\\/en\\\/home\\\/\"},{\"@type\":\"ListItem\",\"position\":2,\"name\":\"4-hand massage\"}]},{\"@type\":\"WebSite\",\"@id\":\"https:\\\/\\\/www.sibaritasdelmasaje.es\\\/en\\\/#website\",\"url\":\"https:\\\/\\\/www.sibaritasdelmasaje.es\\\/en\\\/\",\"name\":\"Sibaritas del Masaje\",\"description\":\"Masajes er\u00f3ticos en Barcelona\",\"publisher\":{\"@id\":\"https:\\\/\\\/www.sibaritasdelmasaje.es\\\/en\\\/#organization\"},\"alternateName\":\"Masajes er\u00f3ticos en Barcelona\",\"potentialAction\":[{\"@type\":\"SearchAction\",\"target\":{\"@type\":\"EntryPoint\",\"urlTemplate\":\"https:\\\/\\\/www.sibaritasdelmasaje.es\\\/en\\\/?s={search_term_string}\"},\"query-input\":{\"@type\":\"PropertyValueSpecification\",\"valueRequired\":true,\"valueName\":\"search_term_string\"}}],\"inLanguage\":\"en-US\"},{\"@type\":\"Organization\",\"@id\":\"https:\\\/\\\/www.sibaritasdelmasaje.es\\\/en\\\/#organization\",\"name\":\"Sibaritas del Masaje\",\"alternateName\":\"Masajes er\u00f3ticos en Barcelona\",\"url\":\"https:\\\/\\\/www.sibaritasdelmasaje.es\\\/en\\\/\",\"logo\":{\"@type\":\"ImageObject\",\"inLanguage\":\"en-US\",\"@id\":\"https:\\\/\\\/www.sibaritasdelmasaje.es\\\/en\\\/#\\\/schema\\\/logo\\\/image\\\/\",\"url\":\"https:\\\/\\\/www.sibaritasdelmasaje.es\\\/wp-content\\\/uploads\\\/2025\\\/05\\\/favicon-sibaritas.jpg\",\"contentUrl\":\"https:\\\/\\\/www.sibaritasdelmasaje.es\\\/wp-content\\\/uploads\\\/2025\\\/05\\\/favicon-sibaritas.jpg\",\"width\":200,\"height\":200,\"caption\":\"Sibaritas del Masaje\"},\"image\":{\"@id\":\"https:\\\/\\\/www.sibaritasdelmasaje.es\\\/en\\\/#\\\/schema\\\/logo\\\/image\\\/\"},\"sameAs\":[\"https:\\\/\\\/www.facebook.com\\\/sibaritasdelmasaje\"]}]}<\/script>\n<!-- \/ Yoast SEO plugin. -->","yoast_head_json":{"title":"4 Hands Massage Barcelona | Multiply your pleasure with Sibaritas","description":"Experience the pleasure of 4 hands massage in Barcelona. At Sibaritas del Masaje expert masseuses await you, synchronizing rhythm, softness and sensuality.","robots":{"index":"index","follow":"follow","max-snippet":"max-snippet:-1","max-image-preview":"max-image-preview:large","max-video-preview":"max-video-preview:-1"},"canonical":"https:\/\/www.sibaritasdelmasaje.es\/en\/massage-4-hands-barcelona\/","og_locale":"en_US","og_type":"article","og_title":"4 Hands Massage Barcelona | Multiply your pleasure with Sibaritas","og_description":"Experience the pleasure of 4 hands massage in Barcelona. At Sibaritas del Masaje expert masseuses await you, synchronizing rhythm, softness and sensuality.","og_url":"https:\/\/www.sibaritasdelmasaje.es\/en\/massage-4-hands-barcelona\/","og_site_name":"Sibaritas del Masaje | Erotic Massage Barcelona","article_publisher":"https:\/\/www.facebook.com\/sibaritasdelmasaje","article_modified_time":"2026-02-20T15:43:09+00:00","og_image":[{"width":1200,"height":1091,"url":"https:\/\/www.sibaritasdelmasaje.es\/wp-content\/uploads\/2025\/02\/2.jpg","type":"image\/jpeg"}],"twitter_card":"summary_large_image","twitter_misc":{"Est. reading time":"6 minutes"},"schema":{"@context":"https:\/\/schema.org","@graph":[{"@type":"WebPage","@id":"https:\/\/www.sibaritasdelmasaje.es\/en\/massage-4-hands-barcelona\/","url":"https:\/\/www.sibaritasdelmasaje.es\/en\/massage-4-hands-barcelona\/","name":"4 Hands Massage Barcelona | Multiply your pleasure with Sibaritas","isPartOf":{"@id":"https:\/\/www.sibaritasdelmasaje.es\/en\/#website"},"primaryImageOfPage":{"@id":"https:\/\/www.sibaritasdelmasaje.es\/en\/massage-4-hands-barcelona\/#primaryimage"},"image":{"@id":"https:\/\/www.sibaritasdelmasaje.es\/en\/massage-4-hands-barcelona\/#primaryimage"},"thumbnailUrl":"https:\/\/www.sibaritasdelmasaje.es\/wp-content\/uploads\/2025\/02\/2.jpg","datePublished":"2025-04-25T10:01:19+00:00","dateModified":"2026-02-20T15:43:09+00:00","description":"Experience the pleasure of 4 hands massage in Barcelona. At Sibaritas del Masaje expert masseuses await you, synchronizing rhythm, softness and sensuality.","breadcrumb":{"@id":"https:\/\/www.sibaritasdelmasaje.es\/en\/massage-4-hands-barcelona\/#breadcrumb"},"inLanguage":"en-US","potentialAction":[{"@type":"ReadAction","target":["https:\/\/www.sibaritasdelmasaje.es\/en\/massage-4-hands-barcelona\/"]}]},{"@type":"ImageObject","inLanguage":"en-US","@id":"https:\/\/www.sibaritasdelmasaje.es\/en\/massage-4-hands-barcelona\/#primaryimage","url":"https:\/\/www.sibaritasdelmasaje.es\/wp-content\/uploads\/2025\/02\/2.jpg","contentUrl":"https:\/\/www.sibaritasdelmasaje.es\/wp-content\/uploads\/2025\/02\/2.jpg","width":1200,"height":1091,"caption":"Masaje a 4 manos Barcelona"},{"@type":"BreadcrumbList","@id":"https:\/\/www.sibaritasdelmasaje.es\/en\/massage-4-hands-barcelona\/#breadcrumb","itemListElement":[{"@type":"ListItem","position":1,"name":"Inicio","item":"https:\/\/www.sibaritasdelmasaje.es\/en\/home\/"},{"@type":"ListItem","position":2,"name":"4-hand massage"}]},{"@type":"WebSite","@id":"https:\/\/www.sibaritasdelmasaje.es\/en\/#website","url":"https:\/\/www.sibaritasdelmasaje.es\/en\/","name":"Sibaritas del Masaje","description":"Masajes er\u00f3ticos en Barcelona","publisher":{"@id":"https:\/\/www.sibaritasdelmasaje.es\/en\/#organization"},"alternateName":"Masajes er\u00f3ticos en Barcelona","potentialAction":[{"@type":"SearchAction","target":{"@type":"EntryPoint","urlTemplate":"https:\/\/www.sibaritasdelmasaje.es\/en\/?s={search_term_string}"},"query-input":{"@type":"PropertyValueSpecification","valueRequired":true,"valueName":"search_term_string"}}],"inLanguage":"en-US"},{"@type":"Organization","@id":"https:\/\/www.sibaritasdelmasaje.es\/en\/#organization","name":"Sibaritas del Masaje","alternateName":"Masajes er\u00f3ticos en Barcelona","url":"https:\/\/www.sibaritasdelmasaje.es\/en\/","logo":{"@type":"ImageObject","inLanguage":"en-US","@id":"https:\/\/www.sibaritasdelmasaje.es\/en\/#\/schema\/logo\/image\/","url":"https:\/\/www.sibaritasdelmasaje.es\/wp-content\/uploads\/2025\/05\/favicon-sibaritas.jpg","contentUrl":"https:\/\/www.sibaritasdelmasaje.es\/wp-content\/uploads\/2025\/05\/favicon-sibaritas.jpg","width":200,"height":200,"caption":"Sibaritas del Masaje"},"image":{"@id":"https:\/\/www.sibaritasdelmasaje.es\/en\/#\/schema\/logo\/image\/"},"sameAs":["https:\/\/www.facebook.com\/sibaritasdelmasaje"]}]}},"_links":{"self":[{"href":"https:\/\/www.sibaritasdelmasaje.es\/en\/wp-json\/wp\/v2\/pages\/4462","targetHints":{"allow":["GET"]}}],"collection":[{"href":"https:\/\/www.sibaritasdelmasaje.es\/en\/wp-json\/wp\/v2\/pages"}],"about":[{"href":"https:\/\/www.sibaritasdelmasaje.es\/en\/wp-json\/wp\/v2\/types\/page"}],"author":[{"embeddable":true,"href":"https:\/\/www.sibaritasdelmasaje.es\/en\/wp-json\/wp\/v2\/users\/8"}],"replies":[{"embeddable":true,"href":"https:\/\/www.sibaritasdelmasaje.es\/en\/wp-json\/wp\/v2\/comments?post=4462"}],"version-history":[{"count":4,"href":"https:\/\/www.sibaritasdelmasaje.es\/en\/wp-json\/wp\/v2\/pages\/4462\/revisions"}],"predecessor-version":[{"id":6435,"href":"https:\/\/www.sibaritasdelmasaje.es\/en\/wp-json\/wp\/v2\/pages\/4462\/revisions\/6435"}],"wp:featuredmedia":[{"embeddable":true,"href":"https:\/\/www.sibaritasdelmasaje.es\/en\/wp-json\/wp\/v2\/media\/4179"}],"wp:attachment":[{"href":"https:\/\/www.sibaritasdelmasaje.es\/en\/wp-json\/wp\/v2\/media?parent=4462"}],"curies":[{"name":"wp","href":"https:\/\/api.w.org\/{rel}","templated":true}]}}