{"id":4435,"date":"2025-04-25T09:47:59","date_gmt":"2025-04-25T09:47:59","guid":{"rendered":"https:\/\/www.sibaritasdelmasaje.es\/blog\/"},"modified":"2026-02-04T10:18:47","modified_gmt":"2026-02-04T10:18:47","slug":"blog","status":"publish","type":"page","link":"https:\/\/www.sibaritasdelmasaje.es\/fr\/blog\/","title":{"rendered":"Blog"},"content":{"rendered":"<section class=\"l-section wpb_row height_medium full_height valign_center color_secondary with_img with_video\"><div class=\"l-section-img lazyload\" role=\"img\" aria-label=\"Image\" style=\"background-image:inherit;\" data-bg-image=\"url(https:\/\/www.sibaritasdelmasaje.es\/wp-content\/uploads\/2025\/05\/3.jpg)\"><\/div><div id=\"us_bg_video_l1bc\" class=\"l-section-video\"><script id=\"us_bg_video_l1bc-script\">!function(w){var node = document.getElementById( 'us_bg_video_l1bc' );if ( w.innerWidth <= 1 ) { node.remove() }}(window);<\/script><style>@media(max-width:1px){#us_bg_video_l1bc{display:none!important}}<\/style><video  autoplay loop muted playsinline preload=\"auto\" tabindex=\"-1\"><source type=\"video\/mp4\" src=\"https:\/\/www.sibaritasdelmasaje.es\/wp-content\/uploads\/2025\/11\/0_Silence_Elegant_1280x720-1.mp4\" \/><\/video><\/div><div class=\"l-section-overlay\" style=\"background:rgba(0,0,0,0.26)\"><\/div><div class=\"l-section-h i-cf\"><div class=\"g-cols vc_row via_grid cols_1 laptops-cols_inherit tablets-cols_inherit mobiles-cols_1 valign_top type_default stacking_default\"><div class=\"wpb_column vc_column_container\"><div class=\"vc_column-inner\"><div class=\"w-separator size_custom\" style=\"height:25vh\"><\/div><div class=\"wpb_text_column us_custom_2e5ce8c1 has_text_color\"><div class=\"wpb_wrapper\"><p style=\"text-align: center;\">Les connaisseurs de massage<\/p>\n<\/div><\/div><div class=\"w-separator size_small\"><\/div><h1 class=\"w-text us_custom_eb849559\"><span class=\"w-text-h\"><span class=\"w-text-value\">Notre blog <\/span><\/span><\/h1><div class=\"w-separator size_custom\" style=\"height:20vh\"><\/div><div class=\"w-iconbox us_custom_99682d72 iconpos_top style_default color_custom align_center no_text no_title\"><a href=\"#2\" class=\"w-iconbox-link\" aria-label=\"fas|chevron-down\"><div class=\"w-iconbox-icon\" style=\"font-size:2rem;--icon-color:#fff;\"><i class=\"fas fa-chevron-down\"><\/i><\/div><\/a><div class=\"w-iconbox-meta\"><\/div><\/div><\/div><\/div><\/div><\/div><\/section><section class=\"l-section wpb_row us_custom_df5f4c97 has_text_color height_medium width_custom color_primary\" style=\"--site-content-width:1600px;\" id=\"2\"><div class=\"l-section-h i-cf\"><div class=\"g-cols vc_row via_grid cols_1 laptops-cols_inherit tablets-cols_inherit mobiles-cols_1 valign_top type_default stacking_default\"><div class=\"wpb_column vc_column_container\"><div class=\"vc_column-inner\"><div class=\"w-grid us_grid type_masonry layout_835 no_results cols_4 preload_style_spinner with_isotope ratio_2x3\" id=\"us_grid_1\" style=\"--columns:4;--gap:10px;--item-ratio:1.5;\" data-filterable=\"true\"><style>@media (max-width:1024px){#us_grid_1{--columns:2!important}}@media (max-width:600px){#us_grid_1{--columns:1!important}}.layout_835 .w-grid-item-h{background:var(--color-content-bg);color:var(--color-content-text);border-radius:0.3rem;box-shadow:0 0.03rem 0.06rem rgba(0,0,0,0.1),0 0.1rem 0.3rem rgba(0,0,0,0.1);transition-duration:0.3s}.no-touch .layout_835 .w-grid-item-h:hover{box-shadow:0 0.1rem 0.2rem rgba(0,0,0,0.1),0 0.33rem 1rem rgba(0,0,0,0.15);z-index:4}.layout_835 .usg_post_image_1{margin-bottom:-2rem!important}.layout_835 .usg_post_title_1{font-size:1.4rem!important;font-weight:700!important}.layout_835 .usg_vwrapper_1{margin-top:2rem!important;padding:9% 11% 11% 11%!important}.layout_835 .usg_hwrapper_1{color:var(--color-content-faded)!important;font-size:0.9rem!important}@media (max-width:600px){.layout_835 .usg_post_title_1{font-size:1.2rem!important}}<\/style><div class=\"w-grid-list\"><\/div>\t<div class=\"w-grid-preloader\">\r\n\t\t<div class=\"g-preloader type_1\">\r\n\t\t\t<div><\/div>\r\n\t\t<\/div>\r\n\t<\/div>\r\n\t\t<div class=\"w-grid-json hidden\" onclick='return {&quot;action&quot;:&quot;us_ajax_grid&quot;,&quot;infinite_scroll&quot;:0,&quot;max_num_pages&quot;:0,&quot;pagination&quot;:&quot;none&quot;,&quot;template_vars&quot;:{&quot;columns&quot;:&quot;4&quot;,&quot;exclude_items&quot;:&quot;none&quot;,&quot;img_size&quot;:&quot;full&quot;,&quot;ignore_items_size&quot;:0,&quot;items_layout&quot;:&quot;835&quot;,&quot;items_offset&quot;:&quot;1&quot;,&quot;load_animation&quot;:&quot;none&quot;,&quot;overriding_link&quot;:&quot;%7B%22type%22%3A%22post%22%7D&quot;,&quot;post_id&quot;:0,&quot;query_args&quot;:{&quot;post_type&quot;:[&quot;post&quot;],&quot;post_status&quot;:[&quot;publish&quot;],&quot;posts_per_page&quot;:&quot;8000&quot;},&quot;orderby_query_args&quot;:{&quot;orderby&quot;:{&quot;date&quot;:&quot;DESC&quot;}},&quot;type&quot;:&quot;masonry&quot;,&quot;us_grid_post_type&quot;:&quot;post&quot;,&quot;us_grid_ajax_index&quot;:1,&quot;us_grid_filter_query_string&quot;:null,&quot;us_grid_index&quot;:1,&quot;page_args&quot;:[],&quot;lang&quot;:&quot;fr&quot;}}'><\/div>\r\n\t<\/div><div class=\"w-grid-none type_message\">Aucun r\u00e9sultat n&#039;a \u00e9t\u00e9 trouv\u00e9. <\/div><\/div><\/div><\/div><\/div><\/section><section class=\"l-section wpb_row height_medium\"><div class=\"l-section-overlay\" style=\"background:var(--color-header-middle-text)\"><\/div><div class=\"l-section-h i-cf\"><div class=\"g-cols vc_row via_grid cols_1 laptops-cols_inherit tablets-cols_inherit mobiles-cols_1 valign_top type_default stacking_default\"><div class=\"wpb_column vc_column_container\"><div class=\"vc_column-inner\"><div class=\"w-html\"><a href=\"https:\/\/www.eurogirlsescort.com\" target=\"_blank\" title=\"EuroGirlsEscort.com  \"><img decoding=\"async\" data-src=\"https:\/\/www.eurogirlsescort.com\/dist\/images\/banners\/120X60.jpg\" alt=\"EuroGirlsEscort.com\" title=\"EuroGirlsEscort.com\" src=\"data:image\/svg+xml;base64,PHN2ZyB3aWR0aD0iMSIgaGVpZ2h0PSIxIiB4bWxucz0iaHR0cDovL3d3dy53My5vcmcvMjAwMC9zdmciPjwvc3ZnPg==\" class=\"lazyload\"><\/a><\/div><\/div><\/div><\/div><\/div><\/section>\n","protected":false},"excerpt":{"rendered":"Les connaisseurs de massage Notre blog Aucun r\u00e9sultat n&#039;a \u00e9t\u00e9 trouv\u00e9.","protected":false},"author":8,"featured_media":0,"parent":0,"menu_order":0,"comment_status":"closed","ping_status":"closed","template":"","meta":{"footnotes":""},"class_list":["post-4435","page","type-page","status-publish","hentry"],"yoast_head":"<!-- This site is optimized with the Yoast SEO plugin v27.4 - https:\/\/yoast.com\/product\/yoast-seo-wordpress\/ -->\n<title>Blog - Sibaritas del Masaje | Erotic Massage Barcelona<\/title>\n<meta name=\"robots\" content=\"index, follow, max-snippet:-1, max-image-preview:large, max-video-preview:-1\" \/>\n<link rel=\"canonical\" href=\"https:\/\/www.sibaritasdelmasaje.es\/fr\/blog\/\" \/>\n<meta property=\"og:locale\" content=\"fr_FR\" \/>\n<meta property=\"og:type\" content=\"article\" \/>\n<meta property=\"og:title\" content=\"Blog - Sibaritas del Masaje | Erotic Massage Barcelona\" \/>\n<meta property=\"og:url\" content=\"https:\/\/www.sibaritasdelmasaje.es\/fr\/blog\/\" \/>\n<meta property=\"og:site_name\" content=\"Sibaritas del Masaje | Erotic Massage Barcelona\" \/>\n<meta property=\"article:publisher\" content=\"https:\/\/www.facebook.com\/sibaritasdelmasaje\" \/>\n<meta property=\"article:modified_time\" content=\"2026-02-04T10:18:47+00:00\" \/>\n<meta property=\"og:image\" content=\"https:\/\/www.sibaritasdelmasaje.es\/wp-content\/uploads\/2025\/05\/3.jpg\" \/>\n\t<meta property=\"og:image:width\" content=\"1280\" \/>\n\t<meta property=\"og:image:height\" content=\"960\" \/>\n\t<meta property=\"og:image:type\" content=\"image\/jpeg\" \/>\n<meta name=\"twitter:card\" content=\"summary_large_image\" \/>\n<meta name=\"twitter:label1\" content=\"Dur\u00e9e de lecture estim\u00e9e\" \/>\n\t<meta name=\"twitter:data1\" content=\"2 minutes\" \/>\n<script type=\"application\/ld+json\" class=\"yoast-schema-graph\">{\"@context\":\"https:\\\/\\\/schema.org\",\"@graph\":[{\"@type\":\"WebPage\",\"@id\":\"https:\\\/\\\/www.sibaritasdelmasaje.es\\\/fr\\\/blog\\\/\",\"url\":\"https:\\\/\\\/www.sibaritasdelmasaje.es\\\/fr\\\/blog\\\/\",\"name\":\"Blog - Sibaritas del Masaje | Erotic Massage Barcelona\",\"isPartOf\":{\"@id\":\"https:\\\/\\\/www.sibaritasdelmasaje.es\\\/fr\\\/#website\"},\"datePublished\":\"2025-04-25T09:47:59+00:00\",\"dateModified\":\"2026-02-04T10:18:47+00:00\",\"breadcrumb\":{\"@id\":\"https:\\\/\\\/www.sibaritasdelmasaje.es\\\/fr\\\/blog\\\/#breadcrumb\"},\"inLanguage\":\"fr-FR\",\"potentialAction\":[{\"@type\":\"ReadAction\",\"target\":[\"https:\\\/\\\/www.sibaritasdelmasaje.es\\\/fr\\\/blog\\\/\"]}]},{\"@type\":\"BreadcrumbList\",\"@id\":\"https:\\\/\\\/www.sibaritasdelmasaje.es\\\/fr\\\/blog\\\/#breadcrumb\",\"itemListElement\":[{\"@type\":\"ListItem\",\"position\":1,\"name\":\"Inicio\",\"item\":\"https:\\\/\\\/www.sibaritasdelmasaje.es\\\/fr\\\/accueil\\\/\"},{\"@type\":\"ListItem\",\"position\":2,\"name\":\"Blog\"}]},{\"@type\":\"WebSite\",\"@id\":\"https:\\\/\\\/www.sibaritasdelmasaje.es\\\/fr\\\/#website\",\"url\":\"https:\\\/\\\/www.sibaritasdelmasaje.es\\\/fr\\\/\",\"name\":\"Sibaritas del Masaje\",\"description\":\"Masajes er\u00f3ticos en Barcelona\",\"publisher\":{\"@id\":\"https:\\\/\\\/www.sibaritasdelmasaje.es\\\/fr\\\/#organization\"},\"alternateName\":\"Masajes er\u00f3ticos en Barcelona\",\"potentialAction\":[{\"@type\":\"SearchAction\",\"target\":{\"@type\":\"EntryPoint\",\"urlTemplate\":\"https:\\\/\\\/www.sibaritasdelmasaje.es\\\/fr\\\/?s={search_term_string}\"},\"query-input\":{\"@type\":\"PropertyValueSpecification\",\"valueRequired\":true,\"valueName\":\"search_term_string\"}}],\"inLanguage\":\"fr-FR\"},{\"@type\":\"Organization\",\"@id\":\"https:\\\/\\\/www.sibaritasdelmasaje.es\\\/fr\\\/#organization\",\"name\":\"Sibaritas del Masaje\",\"alternateName\":\"Masajes er\u00f3ticos en Barcelona\",\"url\":\"https:\\\/\\\/www.sibaritasdelmasaje.es\\\/fr\\\/\",\"logo\":{\"@type\":\"ImageObject\",\"inLanguage\":\"fr-FR\",\"@id\":\"https:\\\/\\\/www.sibaritasdelmasaje.es\\\/fr\\\/#\\\/schema\\\/logo\\\/image\\\/\",\"url\":\"https:\\\/\\\/www.sibaritasdelmasaje.es\\\/wp-content\\\/uploads\\\/2025\\\/05\\\/favicon-sibaritas.jpg\",\"contentUrl\":\"https:\\\/\\\/www.sibaritasdelmasaje.es\\\/wp-content\\\/uploads\\\/2025\\\/05\\\/favicon-sibaritas.jpg\",\"width\":200,\"height\":200,\"caption\":\"Sibaritas del Masaje\"},\"image\":{\"@id\":\"https:\\\/\\\/www.sibaritasdelmasaje.es\\\/fr\\\/#\\\/schema\\\/logo\\\/image\\\/\"},\"sameAs\":[\"https:\\\/\\\/www.facebook.com\\\/sibaritasdelmasaje\"]}]}<\/script>\n<!-- \/ Yoast SEO plugin. -->","yoast_head_json":{"title":"Blog - Sibaritas del Masaje | Erotic Massage Barcelona","robots":{"index":"index","follow":"follow","max-snippet":"max-snippet:-1","max-image-preview":"max-image-preview:large","max-video-preview":"max-video-preview:-1"},"canonical":"https:\/\/www.sibaritasdelmasaje.es\/fr\/blog\/","og_locale":"fr_FR","og_type":"article","og_title":"Blog - Sibaritas del Masaje | Erotic Massage Barcelona","og_url":"https:\/\/www.sibaritasdelmasaje.es\/fr\/blog\/","og_site_name":"Sibaritas del Masaje | Erotic Massage Barcelona","article_publisher":"https:\/\/www.facebook.com\/sibaritasdelmasaje","article_modified_time":"2026-02-04T10:18:47+00:00","og_image":[{"width":1280,"height":960,"url":"https:\/\/www.sibaritasdelmasaje.es\/wp-content\/uploads\/2025\/05\/3.jpg","type":"image\/jpeg"}],"twitter_card":"summary_large_image","twitter_misc":{"Dur\u00e9e de lecture estim\u00e9e":"2 minutes"},"schema":{"@context":"https:\/\/schema.org","@graph":[{"@type":"WebPage","@id":"https:\/\/www.sibaritasdelmasaje.es\/fr\/blog\/","url":"https:\/\/www.sibaritasdelmasaje.es\/fr\/blog\/","name":"Blog - Sibaritas del Masaje | Erotic Massage Barcelona","isPartOf":{"@id":"https:\/\/www.sibaritasdelmasaje.es\/fr\/#website"},"datePublished":"2025-04-25T09:47:59+00:00","dateModified":"2026-02-04T10:18:47+00:00","breadcrumb":{"@id":"https:\/\/www.sibaritasdelmasaje.es\/fr\/blog\/#breadcrumb"},"inLanguage":"fr-FR","potentialAction":[{"@type":"ReadAction","target":["https:\/\/www.sibaritasdelmasaje.es\/fr\/blog\/"]}]},{"@type":"BreadcrumbList","@id":"https:\/\/www.sibaritasdelmasaje.es\/fr\/blog\/#breadcrumb","itemListElement":[{"@type":"ListItem","position":1,"name":"Inicio","item":"https:\/\/www.sibaritasdelmasaje.es\/fr\/accueil\/"},{"@type":"ListItem","position":2,"name":"Blog"}]},{"@type":"WebSite","@id":"https:\/\/www.sibaritasdelmasaje.es\/fr\/#website","url":"https:\/\/www.sibaritasdelmasaje.es\/fr\/","name":"Sibaritas del Masaje","description":"Masajes er\u00f3ticos en Barcelona","publisher":{"@id":"https:\/\/www.sibaritasdelmasaje.es\/fr\/#organization"},"alternateName":"Masajes er\u00f3ticos en Barcelona","potentialAction":[{"@type":"SearchAction","target":{"@type":"EntryPoint","urlTemplate":"https:\/\/www.sibaritasdelmasaje.es\/fr\/?s={search_term_string}"},"query-input":{"@type":"PropertyValueSpecification","valueRequired":true,"valueName":"search_term_string"}}],"inLanguage":"fr-FR"},{"@type":"Organization","@id":"https:\/\/www.sibaritasdelmasaje.es\/fr\/#organization","name":"Sibaritas del Masaje","alternateName":"Masajes er\u00f3ticos en Barcelona","url":"https:\/\/www.sibaritasdelmasaje.es\/fr\/","logo":{"@type":"ImageObject","inLanguage":"fr-FR","@id":"https:\/\/www.sibaritasdelmasaje.es\/fr\/#\/schema\/logo\/image\/","url":"https:\/\/www.sibaritasdelmasaje.es\/wp-content\/uploads\/2025\/05\/favicon-sibaritas.jpg","contentUrl":"https:\/\/www.sibaritasdelmasaje.es\/wp-content\/uploads\/2025\/05\/favicon-sibaritas.jpg","width":200,"height":200,"caption":"Sibaritas del Masaje"},"image":{"@id":"https:\/\/www.sibaritasdelmasaje.es\/fr\/#\/schema\/logo\/image\/"},"sameAs":["https:\/\/www.facebook.com\/sibaritasdelmasaje"]}]}},"_links":{"self":[{"href":"https:\/\/www.sibaritasdelmasaje.es\/fr\/wp-json\/wp\/v2\/pages\/4435","targetHints":{"allow":["GET"]}}],"collection":[{"href":"https:\/\/www.sibaritasdelmasaje.es\/fr\/wp-json\/wp\/v2\/pages"}],"about":[{"href":"https:\/\/www.sibaritasdelmasaje.es\/fr\/wp-json\/wp\/v2\/types\/page"}],"author":[{"embeddable":true,"href":"https:\/\/www.sibaritasdelmasaje.es\/fr\/wp-json\/wp\/v2\/users\/8"}],"replies":[{"embeddable":true,"href":"https:\/\/www.sibaritasdelmasaje.es\/fr\/wp-json\/wp\/v2\/comments?post=4435"}],"version-history":[{"count":3,"href":"https:\/\/www.sibaritasdelmasaje.es\/fr\/wp-json\/wp\/v2\/pages\/4435\/revisions"}],"predecessor-version":[{"id":6164,"href":"https:\/\/www.sibaritasdelmasaje.es\/fr\/wp-json\/wp\/v2\/pages\/4435\/revisions\/6164"}],"wp:attachment":[{"href":"https:\/\/www.sibaritasdelmasaje.es\/fr\/wp-json\/wp\/v2\/media?parent=4435"}],"curies":[{"name":"wp","href":"https:\/\/api.w.org\/{rel}","templated":true}]}}