{"id":4447,"date":"2025-04-25T09:33:14","date_gmt":"2025-04-25T09:33:14","guid":{"rendered":"https:\/\/www.sibaritasdelmasaje.es\/contact\/"},"modified":"2026-02-19T16:10:14","modified_gmt":"2026-02-19T16:10:14","slug":"contact","status":"publish","type":"page","link":"https:\/\/www.sibaritasdelmasaje.es\/fr\/contact\/","title":{"rendered":"Contact"},"content":{"rendered":"<section class=\"l-section wpb_row height_medium full_height valign_center color_secondary with_img with_video\"><div class=\"l-section-img lazyload\" role=\"img\" aria-label=\"Image\" style=\"background-image:inherit;\" data-bg-image=\"url(https:\/\/www.sibaritasdelmasaje.es\/wp-content\/uploads\/2025\/05\/3.jpg)\"><\/div><div id=\"us_bg_video_ea9d\" class=\"l-section-video\"><script id=\"us_bg_video_ea9d-script\">!function(w){var node = document.getElementById( 'us_bg_video_ea9d' );if ( w.innerWidth <= 1 ) { node.remove() }}(window);<\/script><style>@media(max-width:1px){#us_bg_video_ea9d{display:none!important}}<\/style><video  autoplay loop muted playsinline preload=\"auto\" tabindex=\"-1\"><source type=\"video\/mp4\" src=\"https:\/\/www.sibaritasdelmasaje.es\/wp-content\/uploads\/2025\/11\/0_Silence_Elegant_1280x720-1.mp4\" \/><\/video><\/div><div class=\"l-section-overlay\" style=\"background:rgba(0,0,0,0.26)\"><\/div><div class=\"l-section-h i-cf\"><div class=\"g-cols vc_row via_grid cols_1 laptops-cols_inherit tablets-cols_inherit mobiles-cols_1 valign_top type_default stacking_default\"><div class=\"wpb_column vc_column_container\"><div class=\"vc_column-inner\"><div class=\"w-separator size_custom\" style=\"height:25vh\"><\/div><div class=\"wpb_text_column us_custom_2e5ce8c1 has_text_color\"><div class=\"wpb_wrapper\"><p style=\"text-align: center\">Les connaisseurs de massage<\/p>\n<\/div><\/div><div class=\"w-separator size_small\"><\/div><h1 class=\"w-text us_custom_eb849559\"><span class=\"w-text-h\"><span class=\"w-text-value\">Contactez-nous \u00e0 l&#039;adresse suivante<\/span><\/span><\/h1><div class=\"w-separator size_custom\" style=\"height:20vh\"><\/div><div class=\"w-iconbox us_custom_99682d72 iconpos_top style_default color_custom align_center no_text no_title\"><a href=\"#2\" class=\"w-iconbox-link\" aria-label=\"fas|chevron-down\"><div class=\"w-iconbox-icon\" style=\"font-size:2rem;--icon-color:#fff;\"><i class=\"fas fa-chevron-down\"><\/i><\/div><\/a><div class=\"w-iconbox-meta\"><\/div><\/div><\/div><\/div><\/div><\/div><\/section><section class=\"l-section wpb_row height_medium width_custom color_secondary\" style=\"--site-content-width:1600px;\" id=\"2\"><div class=\"l-section-h i-cf\"><div class=\"g-cols vc_row via_grid cols_1 laptops-cols_inherit tablets-cols_inherit mobiles-cols_1 valign_top type_default stacking_default\"><div class=\"wpb_column vc_column_container\"><div class=\"vc_column-inner\"><div class=\"wpb_text_column us_custom_fef79cfb\"><div class=\"wpb_wrapper\"><h2 style=\"text-align: center\"><span style=\"color: #c6a04f\"><strong>Bienvenue \u00e0 Sibaritas del masaje<\/strong><\/span><\/h2>\n<p style=\"text-align: center\">Si vous souhaitez faire une demande ou une r\u00e9servation, n&rsquo;h\u00e9sitez pas \u00e0 nous contacter.<\/p>\n<\/div><\/div><\/div><\/div><\/div><\/div><\/section>\n","protected":false},"excerpt":{"rendered":"Les connaisseurs de massage Contactez-nous \u00e0 l&#039;adresse suivanteBienvenue \u00e0 Sibaritas del masaje Si vous souhaitez faire une demande ou une r\u00e9servation, n&rsquo;h\u00e9sitez pas \u00e0 nous contacter.","protected":false},"author":8,"featured_media":0,"parent":0,"menu_order":0,"comment_status":"closed","ping_status":"closed","template":"","meta":{"footnotes":""},"class_list":["post-4447","page","type-page","status-publish","hentry"],"yoast_head":"<!-- This site is optimized with the Yoast SEO plugin v27.3 - https:\/\/yoast.com\/product\/yoast-seo-wordpress\/ -->\n<title>Contact - Sibaritas del Masaje | Erotic Massage Barcelona<\/title>\n<meta name=\"robots\" content=\"noindex, follow\" \/>\n<meta property=\"og:locale\" content=\"fr_FR\" \/>\n<meta property=\"og:type\" content=\"article\" \/>\n<meta property=\"og:title\" content=\"Contact - Sibaritas del Masaje | Erotic Massage Barcelona\" \/>\n<meta property=\"og:url\" content=\"https:\/\/www.sibaritasdelmasaje.es\/fr\/contact\/\" \/>\n<meta property=\"og:site_name\" content=\"Sibaritas del Masaje | Erotic Massage Barcelona\" \/>\n<meta property=\"article:publisher\" content=\"https:\/\/www.facebook.com\/sibaritasdelmasaje\" \/>\n<meta property=\"article:modified_time\" content=\"2026-02-19T16:10:14+00:00\" \/>\n<meta property=\"og:image\" content=\"https:\/\/www.sibaritasdelmasaje.es\/wp-content\/uploads\/2025\/05\/3.jpg\" \/>\n\t<meta property=\"og:image:width\" content=\"1280\" \/>\n\t<meta property=\"og:image:height\" content=\"960\" \/>\n\t<meta property=\"og:image:type\" content=\"image\/jpeg\" \/>\n<meta name=\"twitter:card\" content=\"summary_large_image\" \/>\n<meta name=\"twitter:label1\" content=\"Dur\u00e9e de lecture estim\u00e9e\" \/>\n\t<meta name=\"twitter:data1\" content=\"1 minute\" \/>\n<script type=\"application\/ld+json\" class=\"yoast-schema-graph\">{\"@context\":\"https:\\\/\\\/schema.org\",\"@graph\":[{\"@type\":\"WebPage\",\"@id\":\"https:\\\/\\\/www.sibaritasdelmasaje.es\\\/fr\\\/contact\\\/\",\"url\":\"https:\\\/\\\/www.sibaritasdelmasaje.es\\\/fr\\\/contact\\\/\",\"name\":\"Contact - Sibaritas del Masaje | Erotic Massage Barcelona\",\"isPartOf\":{\"@id\":\"https:\\\/\\\/www.sibaritasdelmasaje.es\\\/fr\\\/#website\"},\"datePublished\":\"2025-04-25T09:33:14+00:00\",\"dateModified\":\"2026-02-19T16:10:14+00:00\",\"breadcrumb\":{\"@id\":\"https:\\\/\\\/www.sibaritasdelmasaje.es\\\/fr\\\/contact\\\/#breadcrumb\"},\"inLanguage\":\"fr-FR\",\"potentialAction\":[{\"@type\":\"ReadAction\",\"target\":[\"https:\\\/\\\/www.sibaritasdelmasaje.es\\\/fr\\\/contact\\\/\"]}]},{\"@type\":\"BreadcrumbList\",\"@id\":\"https:\\\/\\\/www.sibaritasdelmasaje.es\\\/fr\\\/contact\\\/#breadcrumb\",\"itemListElement\":[{\"@type\":\"ListItem\",\"position\":1,\"name\":\"Inicio\",\"item\":\"https:\\\/\\\/www.sibaritasdelmasaje.es\\\/fr\\\/accueil\\\/\"},{\"@type\":\"ListItem\",\"position\":2,\"name\":\"Contact\"}]},{\"@type\":\"WebSite\",\"@id\":\"https:\\\/\\\/www.sibaritasdelmasaje.es\\\/fr\\\/#website\",\"url\":\"https:\\\/\\\/www.sibaritasdelmasaje.es\\\/fr\\\/\",\"name\":\"Sibaritas del Masaje\",\"description\":\"Masajes er\u00f3ticos en Barcelona\",\"publisher\":{\"@id\":\"https:\\\/\\\/www.sibaritasdelmasaje.es\\\/fr\\\/#organization\"},\"alternateName\":\"Masajes er\u00f3ticos en Barcelona\",\"potentialAction\":[{\"@type\":\"SearchAction\",\"target\":{\"@type\":\"EntryPoint\",\"urlTemplate\":\"https:\\\/\\\/www.sibaritasdelmasaje.es\\\/fr\\\/?s={search_term_string}\"},\"query-input\":{\"@type\":\"PropertyValueSpecification\",\"valueRequired\":true,\"valueName\":\"search_term_string\"}}],\"inLanguage\":\"fr-FR\"},{\"@type\":\"Organization\",\"@id\":\"https:\\\/\\\/www.sibaritasdelmasaje.es\\\/fr\\\/#organization\",\"name\":\"Sibaritas del Masaje\",\"alternateName\":\"Masajes er\u00f3ticos en Barcelona\",\"url\":\"https:\\\/\\\/www.sibaritasdelmasaje.es\\\/fr\\\/\",\"logo\":{\"@type\":\"ImageObject\",\"inLanguage\":\"fr-FR\",\"@id\":\"https:\\\/\\\/www.sibaritasdelmasaje.es\\\/fr\\\/#\\\/schema\\\/logo\\\/image\\\/\",\"url\":\"https:\\\/\\\/www.sibaritasdelmasaje.es\\\/wp-content\\\/uploads\\\/2025\\\/05\\\/favicon-sibaritas.jpg\",\"contentUrl\":\"https:\\\/\\\/www.sibaritasdelmasaje.es\\\/wp-content\\\/uploads\\\/2025\\\/05\\\/favicon-sibaritas.jpg\",\"width\":200,\"height\":200,\"caption\":\"Sibaritas del Masaje\"},\"image\":{\"@id\":\"https:\\\/\\\/www.sibaritasdelmasaje.es\\\/fr\\\/#\\\/schema\\\/logo\\\/image\\\/\"},\"sameAs\":[\"https:\\\/\\\/www.facebook.com\\\/sibaritasdelmasaje\"]}]}<\/script>\n<!-- \/ Yoast SEO plugin. -->","yoast_head_json":{"title":"Contact - Sibaritas del Masaje | Erotic Massage Barcelona","robots":{"index":"noindex","follow":"follow"},"og_locale":"fr_FR","og_type":"article","og_title":"Contact - Sibaritas del Masaje | Erotic Massage Barcelona","og_url":"https:\/\/www.sibaritasdelmasaje.es\/fr\/contact\/","og_site_name":"Sibaritas del Masaje | Erotic Massage Barcelona","article_publisher":"https:\/\/www.facebook.com\/sibaritasdelmasaje","article_modified_time":"2026-02-19T16:10:14+00:00","og_image":[{"width":1280,"height":960,"url":"https:\/\/www.sibaritasdelmasaje.es\/wp-content\/uploads\/2025\/05\/3.jpg","type":"image\/jpeg"}],"twitter_card":"summary_large_image","twitter_misc":{"Dur\u00e9e de lecture estim\u00e9e":"1 minute"},"schema":{"@context":"https:\/\/schema.org","@graph":[{"@type":"WebPage","@id":"https:\/\/www.sibaritasdelmasaje.es\/fr\/contact\/","url":"https:\/\/www.sibaritasdelmasaje.es\/fr\/contact\/","name":"Contact - Sibaritas del Masaje | Erotic Massage Barcelona","isPartOf":{"@id":"https:\/\/www.sibaritasdelmasaje.es\/fr\/#website"},"datePublished":"2025-04-25T09:33:14+00:00","dateModified":"2026-02-19T16:10:14+00:00","breadcrumb":{"@id":"https:\/\/www.sibaritasdelmasaje.es\/fr\/contact\/#breadcrumb"},"inLanguage":"fr-FR","potentialAction":[{"@type":"ReadAction","target":["https:\/\/www.sibaritasdelmasaje.es\/fr\/contact\/"]}]},{"@type":"BreadcrumbList","@id":"https:\/\/www.sibaritasdelmasaje.es\/fr\/contact\/#breadcrumb","itemListElement":[{"@type":"ListItem","position":1,"name":"Inicio","item":"https:\/\/www.sibaritasdelmasaje.es\/fr\/accueil\/"},{"@type":"ListItem","position":2,"name":"Contact"}]},{"@type":"WebSite","@id":"https:\/\/www.sibaritasdelmasaje.es\/fr\/#website","url":"https:\/\/www.sibaritasdelmasaje.es\/fr\/","name":"Sibaritas del Masaje","description":"Masajes er\u00f3ticos en Barcelona","publisher":{"@id":"https:\/\/www.sibaritasdelmasaje.es\/fr\/#organization"},"alternateName":"Masajes er\u00f3ticos en Barcelona","potentialAction":[{"@type":"SearchAction","target":{"@type":"EntryPoint","urlTemplate":"https:\/\/www.sibaritasdelmasaje.es\/fr\/?s={search_term_string}"},"query-input":{"@type":"PropertyValueSpecification","valueRequired":true,"valueName":"search_term_string"}}],"inLanguage":"fr-FR"},{"@type":"Organization","@id":"https:\/\/www.sibaritasdelmasaje.es\/fr\/#organization","name":"Sibaritas del Masaje","alternateName":"Masajes er\u00f3ticos en Barcelona","url":"https:\/\/www.sibaritasdelmasaje.es\/fr\/","logo":{"@type":"ImageObject","inLanguage":"fr-FR","@id":"https:\/\/www.sibaritasdelmasaje.es\/fr\/#\/schema\/logo\/image\/","url":"https:\/\/www.sibaritasdelmasaje.es\/wp-content\/uploads\/2025\/05\/favicon-sibaritas.jpg","contentUrl":"https:\/\/www.sibaritasdelmasaje.es\/wp-content\/uploads\/2025\/05\/favicon-sibaritas.jpg","width":200,"height":200,"caption":"Sibaritas del Masaje"},"image":{"@id":"https:\/\/www.sibaritasdelmasaje.es\/fr\/#\/schema\/logo\/image\/"},"sameAs":["https:\/\/www.facebook.com\/sibaritasdelmasaje"]}]}},"_links":{"self":[{"href":"https:\/\/www.sibaritasdelmasaje.es\/fr\/wp-json\/wp\/v2\/pages\/4447","targetHints":{"allow":["GET"]}}],"collection":[{"href":"https:\/\/www.sibaritasdelmasaje.es\/fr\/wp-json\/wp\/v2\/pages"}],"about":[{"href":"https:\/\/www.sibaritasdelmasaje.es\/fr\/wp-json\/wp\/v2\/types\/page"}],"author":[{"embeddable":true,"href":"https:\/\/www.sibaritasdelmasaje.es\/fr\/wp-json\/wp\/v2\/users\/8"}],"replies":[{"embeddable":true,"href":"https:\/\/www.sibaritasdelmasaje.es\/fr\/wp-json\/wp\/v2\/comments?post=4447"}],"version-history":[{"count":13,"href":"https:\/\/www.sibaritasdelmasaje.es\/fr\/wp-json\/wp\/v2\/pages\/4447\/revisions"}],"predecessor-version":[{"id":6325,"href":"https:\/\/www.sibaritasdelmasaje.es\/fr\/wp-json\/wp\/v2\/pages\/4447\/revisions\/6325"}],"wp:attachment":[{"href":"https:\/\/www.sibaritasdelmasaje.es\/fr\/wp-json\/wp\/v2\/media?parent=4447"}],"curies":[{"name":"wp","href":"https:\/\/api.w.org\/{rel}","templated":true}]}}